{"id":1502,"date":"2021-04-20T09:41:27","date_gmt":"2021-04-20T07:41:27","guid":{"rendered":"https:\/\/masterjob.si\/?page_id=1502"},"modified":"2021-04-20T09:42:08","modified_gmt":"2021-04-20T07:42:08","slug":"oglasavanje-radnih-mjesta","status":"publish","type":"page","link":"https:\/\/masterjob.si\/hr\/oglasavanje-radnih-mjesta\/","title":{"rendered":"Ogla\u0161avanje radnih mjesta"},"content":{"rendered":"<p>[vc_row el_class=&#8221;sticky-sidebar-main&#8221;][vc_column width=&#8221;1\/4&#8243; el_class=&#8221;sticky-sidebar&#8221;][vc_wp_custommenu nav_menu=&#8221;12&#8243; el_class=&#8221;sidebar-master-job-menu sidebar-podjetja&#8221;][\/vc_column][vc_column width=&#8221;3\/4&#8243; el_class=&#8221;next-to-sticky-content next-to-sticky-content-podjetja&#8221;][vc_column_text]<\/p>\n<h3>Ogla\u0161avanje radnih mjesta<\/h3>\n<p>Svojim klijentima i poslovnim partnerima omogu\u0107ujemo aktivno ogla\u0161avanje slobodnih radnih mjesta. Takvo ogla\u0161avanje obuhva\u0107a objave na masterjob.si i partnerskim mre\u017enim portalima. Pripremit \u0107emo odgovaraju\u0107u promociju me\u0111u onima koji tra\u017ee posao i ogla\u0161avamo se pomo\u0107u ostalih mre\u017enim kanala i dru\u0161tvenih mre\u017ea.<\/p>\n<p><img decoding=\"async\" class=\"alignnone size-large wp-image-822\" src=\"https:\/\/masterjob.si\/wp-content\/uploads\/2021\/03\/objava_oglasa_za_delo_masterjob-min-1024x683.jpg\" alt=\"\" width=\"860\" height=\"574\" srcset=\"https:\/\/masterjob.si\/wp-content\/uploads\/2021\/03\/objava_oglasa_za_delo_masterjob-min-1024x683.jpg 1024w, https:\/\/masterjob.si\/wp-content\/uploads\/2021\/03\/objava_oglasa_za_delo_masterjob-min-300x200.jpg 300w, https:\/\/masterjob.si\/wp-content\/uploads\/2021\/03\/objava_oglasa_za_delo_masterjob-min-768x512.jpg 768w, https:\/\/masterjob.si\/wp-content\/uploads\/2021\/03\/objava_oglasa_za_delo_masterjob-min-1536x1024.jpg 1536w, https:\/\/masterjob.si\/wp-content\/uploads\/2021\/03\/objava_oglasa_za_delo_masterjob-min-600x400.jpg 600w, https:\/\/masterjob.si\/wp-content\/uploads\/2021\/03\/objava_oglasa_za_delo_masterjob-min-1200x800.jpg 1200w, https:\/\/masterjob.si\/wp-content\/uploads\/2021\/03\/objava_oglasa_za_delo_masterjob-min.jpg 1920w\" sizes=\"(max-width: 860px) 100vw, 860px\" \/><\/p>\n<p>Nakon uspje\u0161ne kampanje, pru\u017eamo vam sve prijave za va\u0161e slobodno mjesto.[\/vc_column_text][\/vc_column][\/vc_row]<\/p>\n","protected":false},"excerpt":{"rendered":"<p>[vc_row el_class=&#8221;sticky-sidebar-main&#8221;][vc_column width=&#8221;1\/4&#8243; el_class=&#8221;sticky-sidebar&#8221;][vc_wp_custommenu nav_menu=&#8221;12&#8243; el_class=&#8221;sidebar-master-job-menu sidebar-podjetja&#8221;][\/vc_column][vc_column width=&#8221;3\/4&#8243; el_class=&#8221;next-to-sticky-content next-to-sticky-content-podjetja&#8221;][vc_column_text] Ogla\u0161avanje radnih mjesta Svojim klijentima i poslovnim partnerima omogu\u0107ujemo aktivno ogla\u0161avanje slobodnih radnih mjesta. Takvo ogla\u0161avanje obuhva\u0107a objave na masterjob.si&#8230;<\/p>\n","protected":false},"author":1,"featured_media":0,"parent":0,"menu_order":0,"comment_status":"closed","ping_status":"closed","template":"","meta":{"inline_featured_image":false,"masterjob_kratekopis_dm":"","masterjob_opis_dm":"","masterjob_pricakujemo_dm":"","masterjob_nudimo_dm":"","masterjob_dodatno_dm":"","regije_dela_mojedelo":[],"kategorije_dela_mojedelo":[],"tipdela_dela_mojedelo":[],"casdela_dela_mojedelo":[],"vrstaizobrazbe_dela_mojedelo":[],"izkusnje_dela_mojedelo":[],"poskusnadoba_dela_mojedelo":false,"footnotes":""},"class_list":["post-1502","page","type-page","status-publish","hentry"],"aioseo_notices":[],"_links":{"self":[{"href":"https:\/\/masterjob.si\/hr\/wp-json\/wp\/v2\/pages\/1502","targetHints":{"allow":["GET"]}}],"collection":[{"href":"https:\/\/masterjob.si\/hr\/wp-json\/wp\/v2\/pages"}],"about":[{"href":"https:\/\/masterjob.si\/hr\/wp-json\/wp\/v2\/types\/page"}],"author":[{"embeddable":true,"href":"https:\/\/masterjob.si\/hr\/wp-json\/wp\/v2\/users\/1"}],"replies":[{"embeddable":true,"href":"https:\/\/masterjob.si\/hr\/wp-json\/wp\/v2\/comments?post=1502"}],"version-history":[{"count":2,"href":"https:\/\/masterjob.si\/hr\/wp-json\/wp\/v2\/pages\/1502\/revisions"}],"predecessor-version":[{"id":1504,"href":"https:\/\/masterjob.si\/hr\/wp-json\/wp\/v2\/pages\/1502\/revisions\/1504"}],"wp:attachment":[{"href":"https:\/\/masterjob.si\/hr\/wp-json\/wp\/v2\/media?parent=1502"}],"curies":[{"name":"wp","href":"https:\/\/api.w.org\/{rel}","templated":true}]}}